{"id":994,"date":"2019-10-01T10:43:03","date_gmt":"2019-10-01T10:43:03","guid":{"rendered":"https:\/\/count-berlin.de\/%d0%ba%d0%be%d0%bd%d1%82%d0%b0%d0%ba%d1%82"},"modified":"2019-10-02T10:15:44","modified_gmt":"2019-10-02T10:15:44","slug":"%d0%ba%d0%be%d0%bd%d1%82%d0%b0%d0%ba%d1%82","status":"publish","type":"page","link":"https:\/\/count-berlin.de\/ru\/%d0%ba%d0%be%d0%bd%d1%82%d0%b0%d0%ba%d1%82","title":{"rendered":"\u041a\u043e\u043d\u0442\u0430\u043a\u0442"},"content":{"rendered":"<p>[et_pb_section fb_built=&#187;1&#8243; _builder_version=&#187;3.26.8&#8243; use_background_color_gradient=&#187;on&#187; background_color_gradient_start=&#187;rgba(12,12,12,0.75)&#187; background_color_gradient_end=&#187;rgba(12,12,12,0.95)&#187; background_color_gradient_overlays_image=&#187;on&#187; background_image=&#187;https:\/\/count-berlin.de\/wp-content\/uploads\/2019\/08\/kontakt_count_cvetelina_iwanow.jpg&#187; background_position=&#187;top_center&#187; height=&#187;500px&#187; custom_padding=&#187;300px||300px||true|false&#187; fb_built=&#187;1&#8243; _i=&#187;0&#8243; _address=&#187;0&#8243;][et_pb_row _builder_version=&#187;3.26.6&#8243; transform_scale_last_edited=&#187;on|desktop&#187; transform_translate=&#187;0px|-50px&#187; transform_translate_last_edited=&#187;on|desktop&#187; transform_translate_linked=&#187;off&#187; transform_rotate_last_edited=&#187;on|desktop&#187; transform_skew_last_edited=&#187;on|desktop&#187; transform_origin_last_edited=&#187;on|desktop&#187; transform_styles_last_edited=&#187;on|desktop&#187; _i=&#187;0&#8243; _address=&#187;0.0&#8243;][et_pb_column type=&#187;4_4&#8243; _builder_version=&#187;3.26.3&#8243; _i=&#187;0&#8243; _address=&#187;0.0.0&#8243;][et_pb_text _builder_version=&#187;3.27.4&#8243; header_text_color=&#187;#ffffff&#187; header_font_size=&#187;80px&#187; header_2_text_color=&#187;#ffffff&#187; header_2_font_size=&#187;30px&#187; header_4_text_color=&#187;#ffffff&#187; _i=&#187;0&#8243; _address=&#187;0.0.0.0&#8243;]<\/p>\n<h1>\u0427\u0435\u043c \u043c\u044b \u043c\u043e\u0436\u0435\u043c \u0432\u0430\u043c \u043f\u043e\u043c\u043e\u0447\u044c?<\/h1>\n<p>[\/et_pb_text][\/et_pb_column][\/et_pb_row][\/et_pb_section][et_pb_section fb_built=&#187;1&#8243; _builder_version=&#187;3.26.3&#8243; fb_built=&#187;1&#8243; _i=&#187;1&#8243; _address=&#187;1&#8243;][et_pb_row column_structure=&#187;1_2,1_2&#8243; _builder_version=&#187;3.26.3&#8243; _i=&#187;0&#8243; _address=&#187;1.0&#8243;][et_pb_column type=&#187;1_2&#8243; _builder_version=&#187;3.26.3&#8243; _i=&#187;0&#8243; _address=&#187;1.0.0&#8243;][et_pb_image src=&#187;https:\/\/count-berlin.de\/wp-content\/uploads\/2019\/08\/portraet_cvetelina_iwanow.jpg&#187; _builder_version=&#187;3.26.6&#8243; box_shadow_style=&#187;preset1&#8243; box_shadow_spread=&#187;5px&#187; transform_scale_tablet=&#187;85%|85%&#187; transform_scale_last_edited=&#187;on|phone&#187; transform_translate=&#187;0px|45px&#187; transform_translate_tablet=&#187;0px|0px&#187; transform_translate_last_edited=&#187;on|tablet&#187; transform_translate_linked=&#187;off&#187; transform_rotate_last_edited=&#187;on|desktop&#187; transform_skew_last_edited=&#187;on|desktop&#187; transform_origin_last_edited=&#187;on|desktop&#187; transform_styles_last_edited=&#187;on|tablet&#187; _i=&#187;0&#8243; _address=&#187;1.0.0.0&#8243;][\/et_pb_image][\/et_pb_column][et_pb_column type=&#187;1_2&#8243; _builder_version=&#187;3.26.3&#8243; _i=&#187;1&#8243; _address=&#187;1.0.1&#8243;][et_pb_text _builder_version=&#187;3.27.4&#8243; header_font=&#187;Cinzel||||||||&#187; header_font_size_phone=&#187;25px&#187; header_2_font_size_phone=&#187;16px&#187; header_2_font_size_last_edited=&#187;on|tablet&#187; header_font_size__hover_enabled=&#187;off&#187; _i=&#187;0&#8243; _address=&#187;1.0.1.0&#8243;]<\/p>\n<h1>\u0424\u043e\u0440\u043c\u0443\u043b\u044f\u0440 \u0434\u043b\u044f \u043a\u043e\u043d\u0442\u0430\u043a\u0442\u0430<\/h1>\n<h2>\u041c\u044b \u0431\u0443\u0434\u0435\u043c \u043e\u0447\u0435\u043d\u044c \u0440\u0430\u0434\u044b \u0432\u0441\u0442\u0440\u0435\u0447\u0435 \u0441 \u0432\u0430\u043c\u0438!<\/h2>\n<p>[\/et_pb_text][et_pb_divider color=&#187;#abd6f0&#8243; divider_weight=&#187;1px&#187; _builder_version=&#187;3.26.3&#8243; width=&#187;78%&#187; max_width=&#187;100%&#187; module_alignment=&#187;center&#187; _i=&#187;1&#8243; _address=&#187;1.0.1.1&#8243;][\/et_pb_divider][et_pb_contact_form email=&#187;service@count-berlin.de&#187; success_message=&#187;\u0411\u043b\u0430\u0433\u043e\u0434\u0430\u0440\u0438\u043c \u0437\u0430 \u043e\u0431\u0440\u0430\u0449\u0435\u043d\u0438\u0435! \u041c\u044b \u0441\u0432\u044f\u0436\u0435\u043c\u0441\u044f \u0441 \u0432\u0430\u043c\u0438 \u043a\u0430\u043a \u043c\u043e\u0436\u043d\u043e \u0441\u043a\u043e\u0440\u0435\u0435.&#187; _builder_version=&#187;3.26.8&#8243; form_field_background_color=&#187;#ffffff&#187; form_field_text_color=&#187;#3d3d3d&#187; captcha_font_size=&#187;13px&#187; box_shadow_style=&#187;preset6&#8243; box_shadow_blur=&#187;10px&#187; _i=&#187;2&#8243; _address=&#187;1.0.1.2&#8243;][et_pb_contact_field field_id=&#187;Name&#187; field_title=&#187;\u0412\u0430\u0448\u0435 \u0438\u043c\u044f \u0438 \u0444\u0430\u043c\u0438\u043b\u0438\u044f *&#187; _builder_version=&#187;3.26.6&#8243; border_radii=&#187;on||||&#187; button_text_size__hover_enabled=&#187;off&#187; button_one_text_size__hover_enabled=&#187;off&#187; button_two_text_size__hover_enabled=&#187;off&#187; button_text_color__hover_enabled=&#187;off&#187; button_one_text_color__hover_enabled=&#187;off&#187; button_two_text_color__hover_enabled=&#187;off&#187; button_border_width__hover_enabled=&#187;off&#187; button_one_border_width__hover_enabled=&#187;off&#187; button_two_border_width__hover_enabled=&#187;off&#187; button_border_color__hover_enabled=&#187;off&#187; button_one_border_color__hover_enabled=&#187;off&#187; button_two_border_color__hover_enabled=&#187;off&#187; button_border_radius__hover_enabled=&#187;off&#187; button_one_border_radius__hover_enabled=&#187;off&#187; button_two_border_radius__hover_enabled=&#187;off&#187; button_letter_spacing__hover_enabled=&#187;off&#187; button_one_letter_spacing__hover_enabled=&#187;off&#187; button_two_letter_spacing__hover_enabled=&#187;off&#187; button_bg_color__hover_enabled=&#187;off&#187; button_one_bg_color__hover_enabled=&#187;off&#187; button_two_bg_color__hover_enabled=&#187;off&#187; _i=&#187;0&#8243; _address=&#187;1.0.1.2.0&#8243;][\/et_pb_contact_field][et_pb_contact_field field_id=&#187;E-Mail_Adresse&#187; field_title=&#187;A\u0434\u0440\u0435\u0441 \u044d\u043b\u0435\u043a\u0442\u0440\u043e\u043d\u043d\u043e\u0439 \u043f\u043e\u0447\u0442\u044b *&#187; field_type=&#187;email&#187; _builder_version=&#187;3.26.6&#8243; border_radii=&#187;on||||&#187; button_text_size__hover_enabled=&#187;off&#187; button_one_text_size__hover_enabled=&#187;off&#187; button_two_text_size__hover_enabled=&#187;off&#187; button_text_color__hover_enabled=&#187;off&#187; button_one_text_color__hover_enabled=&#187;off&#187; button_two_text_color__hover_enabled=&#187;off&#187; button_border_width__hover_enabled=&#187;off&#187; button_one_border_width__hover_enabled=&#187;off&#187; button_two_border_width__hover_enabled=&#187;off&#187; button_border_color__hover_enabled=&#187;off&#187; button_one_border_color__hover_enabled=&#187;off&#187; button_two_border_color__hover_enabled=&#187;off&#187; button_border_radius__hover_enabled=&#187;off&#187; button_one_border_radius__hover_enabled=&#187;off&#187; button_two_border_radius__hover_enabled=&#187;off&#187; button_letter_spacing__hover_enabled=&#187;off&#187; button_one_letter_spacing__hover_enabled=&#187;off&#187; button_two_letter_spacing__hover_enabled=&#187;off&#187; button_bg_color__hover_enabled=&#187;off&#187; button_one_bg_color__hover_enabled=&#187;off&#187; button_two_bg_color__hover_enabled=&#187;off&#187; _i=&#187;1&#8243; _address=&#187;1.0.1.2.1&#8243;][\/et_pb_contact_field][et_pb_contact_field field_id=&#187;Telefon&#187; field_title=&#187;\u0412\u0430\u0448 \u043d\u043e\u043c\u0435\u0440 \u0442\u0435\u043b\u0435\u0444\u043e\u043d\u0430&#187; required_mark=&#187;off&#187; _builder_version=&#187;3.26.6&#8243; border_radii=&#187;on||||&#187; button_text_size__hover_enabled=&#187;off&#187; button_one_text_size__hover_enabled=&#187;off&#187; button_two_text_size__hover_enabled=&#187;off&#187; button_text_color__hover_enabled=&#187;off&#187; button_one_text_color__hover_enabled=&#187;off&#187; button_two_text_color__hover_enabled=&#187;off&#187; button_border_width__hover_enabled=&#187;off&#187; button_one_border_width__hover_enabled=&#187;off&#187; button_two_border_width__hover_enabled=&#187;off&#187; button_border_color__hover_enabled=&#187;off&#187; button_one_border_color__hover_enabled=&#187;off&#187; button_two_border_color__hover_enabled=&#187;off&#187; button_border_radius__hover_enabled=&#187;off&#187; button_one_border_radius__hover_enabled=&#187;off&#187; button_two_border_radius__hover_enabled=&#187;off&#187; button_letter_spacing__hover_enabled=&#187;off&#187; button_one_letter_spacing__hover_enabled=&#187;off&#187; button_two_letter_spacing__hover_enabled=&#187;off&#187; button_bg_color__hover_enabled=&#187;off&#187; button_one_bg_color__hover_enabled=&#187;off&#187; button_two_bg_color__hover_enabled=&#187;off&#187; _i=&#187;2&#8243; _address=&#187;1.0.1.2.2&#8243;][\/et_pb_contact_field][et_pb_contact_field field_id=&#187;Betreff&#187; field_title=&#187;\u0412\u0430\u0448\u0435 \u043e\u0431\u0440\u0430\u0449\u0435\u043d\u0438\u044f&#187; required_mark=&#187;off&#187; _builder_version=&#187;3.26.6&#8243; border_radii=&#187;on||||&#187; button_text_size__hover_enabled=&#187;off&#187; button_one_text_size__hover_enabled=&#187;off&#187; button_two_text_size__hover_enabled=&#187;off&#187; button_text_color__hover_enabled=&#187;off&#187; button_one_text_color__hover_enabled=&#187;off&#187; button_two_text_color__hover_enabled=&#187;off&#187; button_border_width__hover_enabled=&#187;off&#187; button_one_border_width__hover_enabled=&#187;off&#187; button_two_border_width__hover_enabled=&#187;off&#187; button_border_color__hover_enabled=&#187;off&#187; button_one_border_color__hover_enabled=&#187;off&#187; button_two_border_color__hover_enabled=&#187;off&#187; button_border_radius__hover_enabled=&#187;off&#187; button_one_border_radius__hover_enabled=&#187;off&#187; button_two_border_radius__hover_enabled=&#187;off&#187; button_letter_spacing__hover_enabled=&#187;off&#187; button_one_letter_spacing__hover_enabled=&#187;off&#187; button_two_letter_spacing__hover_enabled=&#187;off&#187; button_bg_color__hover_enabled=&#187;off&#187; button_one_bg_color__hover_enabled=&#187;off&#187; button_two_bg_color__hover_enabled=&#187;off&#187; _i=&#187;3&#8243; _address=&#187;1.0.1.2.3&#8243;][\/et_pb_contact_field][et_pb_contact_field field_id=&#187;Nachricht&#187; field_title=&#187;\u0412\u0430\u0448\u0435 \u0441\u043e\u043e\u0431\u0449\u0435\u043d\u0438\u0435&#187; field_type=&#187;text&#187; required_mark=&#187;off&#187; fullwidth_field=&#187;on&#187; _builder_version=&#187;3.26.6&#8243; border_radii=&#187;on||||&#187; button_text_size__hover_enabled=&#187;off&#187; button_one_text_size__hover_enabled=&#187;off&#187; button_two_text_size__hover_enabled=&#187;off&#187; button_text_color__hover_enabled=&#187;off&#187; button_one_text_color__hover_enabled=&#187;off&#187; button_two_text_color__hover_enabled=&#187;off&#187; button_border_width__hover_enabled=&#187;off&#187; button_one_border_width__hover_enabled=&#187;off&#187; button_two_border_width__hover_enabled=&#187;off&#187; button_border_color__hover_enabled=&#187;off&#187; button_one_border_color__hover_enabled=&#187;off&#187; button_two_border_color__hover_enabled=&#187;off&#187; button_border_radius__hover_enabled=&#187;off&#187; button_one_border_radius__hover_enabled=&#187;off&#187; button_two_border_radius__hover_enabled=&#187;off&#187; button_letter_spacing__hover_enabled=&#187;off&#187; button_one_letter_spacing__hover_enabled=&#187;off&#187; button_two_letter_spacing__hover_enabled=&#187;off&#187; button_bg_color__hover_enabled=&#187;off&#187; button_one_bg_color__hover_enabled=&#187;off&#187; button_two_bg_color__hover_enabled=&#187;off&#187; _i=&#187;4&#8243; _address=&#187;1.0.1.2.4&#8243;][\/et_pb_contact_field][et_pb_contact_field field_id=&#187;Field_6&#8243; field_title=&#187; &#187; field_type=&#187;checkbox&#187; checkbox_options=&#187;%91{%22value%22:%22* Ich bin damit einverstanden, dass die abgesendeten Daten zum Zweck der Bearbeitung meines Anliegens verarbeitet werden. Mir ist bewusst, dass die Kommunikation \u00fcber Formulare und E-Mails nicht zur \u00dcbermittlung vertraulicher Daten dient. Weitere Informationen finde ich in der Datenschutzerkl\u00e4rung.%22,%22checked%22:0,%22dragID%22:-1,%22link_url%22:%22count-berlin.de\/datenschutzerklaerung%22}%93&#8243; fullwidth_field=&#187;on&#187; _builder_version=&#187;3.26.8&#8243; _i=&#187;5&#8243; _address=&#187;1.0.1.2.5&#8243;][\/et_pb_contact_field][\/et_pb_contact_form][\/et_pb_column][\/et_pb_row][et_pb_row _builder_version=&#187;3.26.3&#8243; custom_padding=&#187;70px||70px||true|&#187; _i=&#187;1&#8243; _address=&#187;1.1&#8243;][et_pb_column type=&#187;4_4&#8243; _builder_version=&#187;3.26.3&#8243; _i=&#187;0&#8243; _address=&#187;1.1.0&#8243;][et_pb_divider color=&#187;#abd6f0&#8243; _builder_version=&#187;3.26.6&#8243; _i=&#187;0&#8243; _address=&#187;1.1.0.0&#8243;][\/et_pb_divider][\/et_pb_column][\/et_pb_row][et_pb_row column_structure=&#187;1_2,1_2&#8243; _builder_version=&#187;3.26.6&#8243; _i=&#187;0&#8243; _address=&#187;0&#8243;][et_pb_column type=&#187;1_2&#8243; _builder_version=&#187;3.26.6&#8243; _i=&#187;0&#8243; _address=&#187;0.0&#8243;][et_pb_text _builder_version=&#187;3.27.4&#8243; box_shadow_style=&#187;preset1&#8243; filter_brightness=&#187;98%&#187; filter_opacity=&#187;90%&#187; animation_style=&#187;fade&#187; _i=&#187;0&#8243; _address=&#187;1.2.0.0&#8243;]<\/p>\n<p><iframe loading=\"lazy\" src=\"https:\/\/www.google.com\/maps\/embed?pb=!1m18!1m12!1m3!1d2429.870569608182!2d13.344407215800159!3d52.48147914683569!2m3!1f0!2f0!3f0!3m2!1i1024!2i768!4f13.1!3m3!1m2!1s0x47a85069734d79e5%3A0x4a8e30e91fb9b4ff!2sKoburger+Str.+5%2C+10825+Berlin!5e0!3m2!1sde!2sde!4v1563623777242!5m2!1sde!2sde\" width=\"600\" height=\"450\" frameborder=\"0\" style=\"border: 0;\" allowfullscreen=\"\"><\/iframe><\/p>\n<p>[\/et_pb_text][\/et_pb_column][et_pb_column type=&#187;1_2&#8243; _builder_version=&#187;3.26.6&#8243; _i=&#187;1&#8243; _address=&#187;0.1&#8243;][et_pb_text _builder_version=&#187;3.27.4&#8243; header_3_font_size=&#187;32px&#187; header_4_font=&#187;|300|||||||&#187; header_4_text_align=&#187;center&#187; header_4_text_color=&#187;#0367a6&#8243; header_4_font_size=&#187;30px&#187; header_4_line_height=&#187;2.2em&#187; transform_scale_last_edited=&#187;on|phone&#187; transform_translate=&#187;0px|50px&#187; transform_translate_last_edited=&#187;on|phone&#187; transform_translate_linked=&#187;off&#187; transform_rotate_last_edited=&#187;on|phone&#187; transform_skew_last_edited=&#187;on|phone&#187; transform_origin_last_edited=&#187;on|phone&#187; transform_styles_last_edited=&#187;on|phone&#187; hover_enabled=&#187;0&#8243; header_2_font_size_phone=&#187;26px&#187; header_2_font_size_last_edited=&#187;on|phone&#187; header_3_font_size_tablet=&#187;30px&#187; header_3_font_size_last_edited=&#187;on|phone&#187; header_4_font_size_tablet=&#187;28px&#187; header_4_font_size_phone=&#187;23px&#187; _i=&#187;0&#8243; _address=&#187;0.1.0&#8243; transform_translate_phone=&#187;0px|25px&#187;]<\/p>\n<h3>\u041d\u0430\u043f\u0438\u0448\u0438\u0442\u0435 \u043d\u0430\u043c \u043f\u043e \u044d\u043b\u0435\u043a\u0442\u0440\u043e\u043d\u043d\u043e\u0439 \u043f\u043e\u0447\u0442\u0435<\/h3>\n<h4><a href=\"mailto:service@count-berlin.de\">service@count-berlin.de<\/a><\/h4>\n<p>[\/et_pb_text][et_pb_text _builder_version=&#187;3.27.4&#8243; header_3_font_size=&#187;32px&#187; header_4_font=&#187;|300|||||||&#187; header_4_text_align=&#187;center&#187; header_4_text_color=&#187;#0367a6&#8243; header_4_font_size=&#187;30px&#187; header_4_line_height=&#187;2.2em&#187; transform_scale_last_edited=&#187;on|desktop&#187; transform_translate=&#187;0px|130px&#187; transform_translate_tablet=&#187;0px|65px&#187; transform_translate_last_edited=&#187;on|phone&#187; transform_translate_linked=&#187;off&#187; transform_rotate_last_edited=&#187;on|desktop&#187; transform_skew_last_edited=&#187;on|desktop&#187; transform_origin_last_edited=&#187;on|desktop&#187; transform_styles_last_edited=&#187;on|phone&#187; hover_enabled=&#187;0&#8243; header_2_font_size_phone=&#187;26px&#187; header_2_font_size_last_edited=&#187;on|phone&#187; header_3_font_size_tablet=&#187;30px&#187; header_3_font_size_last_edited=&#187;on|phone&#187; header_4_font_size_tablet=&#187;28px&#187; header_4_font_size_phone=&#187;23px&#187; _i=&#187;1&#8243; _address=&#187;0.1.1&#8243; transform_translate_phone=&#187;0px|45px&#187;]<\/p>\n<h3>\u041f\u043e\u0437\u0432\u043e\u043d\u0438\u0442\u0435 \u043d\u0430\u043c<\/h3>\n<h4><a href=\"tel:+49(30)60054517\">+49 (30) 600 545 17<\/a><\/h4>\n<p>[\/et_pb_text][\/et_pb_column][\/et_pb_row][\/et_pb_section]<\/p>\n","protected":false},"excerpt":{"rendered":"<p>\u0427\u0435\u043c \u043c\u044b \u043c\u043e\u0436\u0435\u043c \u0432\u0430\u043c \u043f\u043e\u043c\u043e\u0447\u044c?\u0424\u043e\u0440\u043c\u0443\u043b\u044f\u0440 \u0434\u043b\u044f \u043a\u043e\u043d\u0442\u0430\u043a\u0442\u0430 \u041c\u044b \u0431\u0443\u0434\u0435\u043c \u043e\u0447\u0435\u043d\u044c \u0440\u0430\u0434\u044b \u0432\u0441\u0442\u0440\u0435\u0447\u0435 \u0441 \u0432\u0430\u043c\u0438!\u041d\u0430\u043f\u0438\u0448\u0438\u0442\u0435 \u043d\u0430\u043c \u043f\u043e \u044d\u043b\u0435\u043a\u0442\u0440\u043e\u043d\u043d\u043e\u0439 \u043f\u043e\u0447\u0442\u0435 service@count-berlin.de\u041f\u043e\u0437\u0432\u043e\u043d\u0438\u0442\u0435 \u043d\u0430\u043c +49 (30) 600 545 17<\/p>\n","protected":false},"author":1,"featured_media":0,"parent":0,"menu_order":0,"comment_status":"closed","ping_status":"closed","template":"","meta":{"_et_pb_use_builder":"on","_et_pb_old_content":"","_et_gb_content_width":"","_monsterinsights_skip_tracking":false,"_monsterinsights_sitenote_active":false,"_monsterinsights_sitenote_note":"","_monsterinsights_sitenote_category":0,"footnotes":""},"class_list":["post-994","page","type-page","status-publish","hentry"],"_links":{"self":[{"href":"https:\/\/count-berlin.de\/ru\/wp-json\/wp\/v2\/pages\/994","targetHints":{"allow":["GET"]}}],"collection":[{"href":"https:\/\/count-berlin.de\/ru\/wp-json\/wp\/v2\/pages"}],"about":[{"href":"https:\/\/count-berlin.de\/ru\/wp-json\/wp\/v2\/types\/page"}],"author":[{"embeddable":true,"href":"https:\/\/count-berlin.de\/ru\/wp-json\/wp\/v2\/users\/1"}],"replies":[{"embeddable":true,"href":"https:\/\/count-berlin.de\/ru\/wp-json\/wp\/v2\/comments?post=994"}],"version-history":[{"count":11,"href":"https:\/\/count-berlin.de\/ru\/wp-json\/wp\/v2\/pages\/994\/revisions"}],"predecessor-version":[{"id":1128,"href":"https:\/\/count-berlin.de\/ru\/wp-json\/wp\/v2\/pages\/994\/revisions\/1128"}],"wp:attachment":[{"href":"https:\/\/count-berlin.de\/ru\/wp-json\/wp\/v2\/media?parent=994"}],"curies":[{"name":"wp","href":"https:\/\/api.w.org\/{rel}","templated":true}]}}